{"id":90,"date":"2021-07-07T18:28:46","date_gmt":"2021-07-07T18:28:46","guid":{"rendered":"http:\/\/mttfenstertechnik.kinsta.cloud\/?page_id=90"},"modified":"2021-12-10T13:42:05","modified_gmt":"2021-12-10T13:42:05","slug":"anfragen","status":"publish","type":"page","link":"https:\/\/mtt-fenstertechnik.at\/?page_id=90","title":{"rendered":"Anfragen"},"content":{"rendered":"<p>[et_pb_section fb_built=&#8220;1&#8243; _builder_version=&#8220;4.9.10&#8243; _module_preset=&#8220;default&#8220; background_image=&#8220;http:\/\/mttfenstertechnik.kinsta.cloud\/wp-content\/uploads\/2021\/12\/MTT-background.png&#8220;][et_pb_row _builder_version=&#8220;4.9.10&#8243; _module_preset=&#8220;default&#8220;][et_pb_column type=&#8220;4_4&#8243; _builder_version=&#8220;4.9.10&#8243; _module_preset=&#8220;default&#8220;][et_pb_text _builder_version=&#8220;4.9.10&#8243; _module_preset=&#8220;default&#8220; hover_enabled=&#8220;0&#8243; header_font_size=&#8220;58px&#8220; header_2_font_size=&#8220;24px&#8220; header_2_text_color=&#8220;#000000&#8243; sticky_enabled=&#8220;0&#8243;]<\/p>\n<h1>Anfrage<\/h1>\n<h2>Wir beraten Sie gerne.<\/h2>\n<p>[\/et_pb_text][\/et_pb_column][\/et_pb_row][\/et_pb_section][et_pb_section fb_built=&#8220;1&#8243; _builder_version=&#8220;4.9.2&#8243; _module_preset=&#8220;default&#8220; bottom_divider_style=&#8220;slant2&#8243; bottom_divider_color=&#8220;RGBA(0,0,0,0)&#8220;][et_pb_row _builder_version=&#8220;4.9.2&#8243; _module_preset=&#8220;default&#8220; custom_css_main_element=&#8220;.wpforms-container.wpf-center {||     margin: 0 auto !important;||     max-width: 500px;||}&#8220;][et_pb_column type=&#8220;4_4&#8243; _builder_version=&#8220;4.9.2&#8243; _module_preset=&#8220;default&#8220;][et_pb_text _builder_version=&#8220;4.9.10&#8243; _module_preset=&#8220;default&#8220; hover_enabled=&#8220;0&#8243; sticky_enabled=&#8220;0&#8243; text_text_color=&#8220;#000000&#8243; max_width=&#8220;80%&#8220; module_alignment=&#8220;center&#8220;]<\/p>\n<p style=\"text-align: justify;\">Wir freuen uns \u00fcber Ihre Anfrage und werden diese nat\u00fcrlich schnellstm\u00f6glich beantworten. Wir erstellen Ihnen auf Wunsch gleich auf Basis dieses Formulars ihr individuelle Fensterangebot und senden Ihnen dieses zu bzw. pr\u00e4sentieren wir es Ihnen gerne bei einem Beratungstermin in einem unserer Schaur\u00e4ume.<\/p>\n<p>[\/et_pb_text][wpforms_selector form_id=&#8220;83&#8243; show_title=&#8220;off&#8220; show_desc=&#8220;on&#8220; module_id=&#8220;wpf-center&#8220; module_class=&#8220;wpf-center&#8220; _builder_version=&#8220;4.9.10&#8243; _module_preset=&#8220;default&#8220; max_width=&#8220;100%&#8220; module_alignment=&#8220;center&#8220; hover_enabled=&#8220;0&#8243; custom_css_main_element=&#8220;.wpforms-container.wpf-center {||     margin: 0 auto !important;||     max-width: 500px;||}&#8220; sticky_enabled=&#8220;0&#8243;][\/wpforms_selector][\/et_pb_column][\/et_pb_row][\/et_pb_section]<\/p>\n","protected":false},"excerpt":{"rendered":"<p>Anfrage Wir beraten Sie gerne.Wir freuen uns \u00fcber Ihre Anfrage und werden diese nat\u00fcrlich schnellstm\u00f6glich beantworten. Wir erstellen Ihnen auf Wunsch gleich auf Basis dieses Formulars ihr individuelle Fensterangebot und senden Ihnen dieses zu bzw. pr\u00e4sentieren wir es Ihnen gerne bei einem Beratungstermin in einem unserer Schaur\u00e4ume.<div id=\"&#8220;wpf-center&#8220;\" class=\"et_pb_module wpforms_selector wpforms_selector_0 &#8220;wpf-center&#8220;\">\n\t\t\t\t\n\t\t\t\t\n\t\t\t\t\n\t\t\t\t\n\t\t\t\t\n\t\t\t\t\n\t\t\t\t<div class=\"et_pb_module_inner\">\n\t\t\t\t\t\n\t\t\t\t<\/div>\n\t\t\t<\/div><\/p>\n","protected":false},"author":1,"featured_media":0,"parent":0,"menu_order":0,"comment_status":"closed","ping_status":"closed","template":"","meta":{"_et_pb_use_builder":"on","_et_pb_old_content":"","_et_gb_content_width":"","footnotes":""},"class_list":["post-90","page","type-page","status-publish","hentry"],"yoast_head":"<!-- This site is optimized with the Yoast SEO plugin v26.5 - https:\/\/yoast.com\/wordpress\/plugins\/seo\/ -->\n<title>Anfragen - MTT Fenstertechnik<\/title>\n<meta name=\"robots\" content=\"index, follow, max-snippet:-1, max-image-preview:large, max-video-preview:-1\" \/>\n<link rel=\"canonical\" href=\"https:\/\/mtt-fenstertechnik.at\/?page_id=90\" \/>\n<meta property=\"og:locale\" content=\"de_DE\" \/>\n<meta property=\"og:type\" content=\"article\" \/>\n<meta property=\"og:title\" content=\"Anfragen - MTT Fenstertechnik\" \/>\n<meta property=\"og:description\" content=\"Anfrage Wir beraten Sie gerne.Wir freuen uns \u00fcber Ihre Anfrage und werden diese nat\u00fcrlich schnellstm\u00f6glich beantworten. Wir erstellen Ihnen auf Wunsch gleich auf Basis dieses Formulars ihr individuelle Fensterangebot und senden Ihnen dieses zu bzw. pr\u00e4sentieren wir es Ihnen gerne bei einem Beratungstermin in einem unserer Schaur\u00e4ume.\" \/>\n<meta property=\"og:url\" content=\"https:\/\/mtt-fenstertechnik.at\/?page_id=90\" \/>\n<meta property=\"og:site_name\" content=\"MTT Fenstertechnik\" \/>\n<meta property=\"article:modified_time\" content=\"2021-12-10T13:42:05+00:00\" \/>\n<meta name=\"twitter:card\" content=\"summary_large_image\" \/>\n<script type=\"application\/ld+json\" class=\"yoast-schema-graph\">{\"@context\":\"https:\/\/schema.org\",\"@graph\":[{\"@type\":\"WebPage\",\"@id\":\"https:\/\/mtt-fenstertechnik.at\/?page_id=90\",\"url\":\"https:\/\/mtt-fenstertechnik.at\/?page_id=90\",\"name\":\"Anfragen - MTT Fenstertechnik\",\"isPartOf\":{\"@id\":\"https:\/\/mtt-fenstertechnik.at\/#website\"},\"datePublished\":\"2021-07-07T18:28:46+00:00\",\"dateModified\":\"2021-12-10T13:42:05+00:00\",\"breadcrumb\":{\"@id\":\"https:\/\/mtt-fenstertechnik.at\/?page_id=90#breadcrumb\"},\"inLanguage\":\"de\",\"potentialAction\":[{\"@type\":\"ReadAction\",\"target\":[\"https:\/\/mtt-fenstertechnik.at\/?page_id=90\"]}]},{\"@type\":\"BreadcrumbList\",\"@id\":\"https:\/\/mtt-fenstertechnik.at\/?page_id=90#breadcrumb\",\"itemListElement\":[{\"@type\":\"ListItem\",\"position\":1,\"name\":\"Home\",\"item\":\"https:\/\/mtt-fenstertechnik.at\/\"},{\"@type\":\"ListItem\",\"position\":2,\"name\":\"Anfragen\"}]},{\"@type\":\"WebSite\",\"@id\":\"https:\/\/mtt-fenstertechnik.at\/#website\",\"url\":\"https:\/\/mtt-fenstertechnik.at\/\",\"name\":\"MTT Fenstertechnik\",\"description\":\"Ihr Fenster-Partner\",\"potentialAction\":[{\"@type\":\"SearchAction\",\"target\":{\"@type\":\"EntryPoint\",\"urlTemplate\":\"https:\/\/mtt-fenstertechnik.at\/?s={search_term_string}\"},\"query-input\":{\"@type\":\"PropertyValueSpecification\",\"valueRequired\":true,\"valueName\":\"search_term_string\"}}],\"inLanguage\":\"de\"}]}<\/script>\n<!-- \/ Yoast SEO plugin. -->","yoast_head_json":{"title":"Anfragen - MTT Fenstertechnik","robots":{"index":"index","follow":"follow","max-snippet":"max-snippet:-1","max-image-preview":"max-image-preview:large","max-video-preview":"max-video-preview:-1"},"canonical":"https:\/\/mtt-fenstertechnik.at\/?page_id=90","og_locale":"de_DE","og_type":"article","og_title":"Anfragen - MTT Fenstertechnik","og_description":"Anfrage Wir beraten Sie gerne.Wir freuen uns \u00fcber Ihre Anfrage und werden diese nat\u00fcrlich schnellstm\u00f6glich beantworten. Wir erstellen Ihnen auf Wunsch gleich auf Basis dieses Formulars ihr individuelle Fensterangebot und senden Ihnen dieses zu bzw. pr\u00e4sentieren wir es Ihnen gerne bei einem Beratungstermin in einem unserer Schaur\u00e4ume.","og_url":"https:\/\/mtt-fenstertechnik.at\/?page_id=90","og_site_name":"MTT Fenstertechnik","article_modified_time":"2021-12-10T13:42:05+00:00","twitter_card":"summary_large_image","schema":{"@context":"https:\/\/schema.org","@graph":[{"@type":"WebPage","@id":"https:\/\/mtt-fenstertechnik.at\/?page_id=90","url":"https:\/\/mtt-fenstertechnik.at\/?page_id=90","name":"Anfragen - MTT Fenstertechnik","isPartOf":{"@id":"https:\/\/mtt-fenstertechnik.at\/#website"},"datePublished":"2021-07-07T18:28:46+00:00","dateModified":"2021-12-10T13:42:05+00:00","breadcrumb":{"@id":"https:\/\/mtt-fenstertechnik.at\/?page_id=90#breadcrumb"},"inLanguage":"de","potentialAction":[{"@type":"ReadAction","target":["https:\/\/mtt-fenstertechnik.at\/?page_id=90"]}]},{"@type":"BreadcrumbList","@id":"https:\/\/mtt-fenstertechnik.at\/?page_id=90#breadcrumb","itemListElement":[{"@type":"ListItem","position":1,"name":"Home","item":"https:\/\/mtt-fenstertechnik.at\/"},{"@type":"ListItem","position":2,"name":"Anfragen"}]},{"@type":"WebSite","@id":"https:\/\/mtt-fenstertechnik.at\/#website","url":"https:\/\/mtt-fenstertechnik.at\/","name":"MTT Fenstertechnik","description":"Ihr Fenster-Partner","potentialAction":[{"@type":"SearchAction","target":{"@type":"EntryPoint","urlTemplate":"https:\/\/mtt-fenstertechnik.at\/?s={search_term_string}"},"query-input":{"@type":"PropertyValueSpecification","valueRequired":true,"valueName":"search_term_string"}}],"inLanguage":"de"}]}},"_links":{"self":[{"href":"https:\/\/mtt-fenstertechnik.at\/index.php?rest_route=\/wp\/v2\/pages\/90","targetHints":{"allow":["GET"]}}],"collection":[{"href":"https:\/\/mtt-fenstertechnik.at\/index.php?rest_route=\/wp\/v2\/pages"}],"about":[{"href":"https:\/\/mtt-fenstertechnik.at\/index.php?rest_route=\/wp\/v2\/types\/page"}],"author":[{"embeddable":true,"href":"https:\/\/mtt-fenstertechnik.at\/index.php?rest_route=\/wp\/v2\/users\/1"}],"replies":[{"embeddable":true,"href":"https:\/\/mtt-fenstertechnik.at\/index.php?rest_route=%2Fwp%2Fv2%2Fcomments&post=90"}],"version-history":[{"count":8,"href":"https:\/\/mtt-fenstertechnik.at\/index.php?rest_route=\/wp\/v2\/pages\/90\/revisions"}],"predecessor-version":[{"id":198,"href":"https:\/\/mtt-fenstertechnik.at\/index.php?rest_route=\/wp\/v2\/pages\/90\/revisions\/198"}],"wp:attachment":[{"href":"https:\/\/mtt-fenstertechnik.at\/index.php?rest_route=%2Fwp%2Fv2%2Fmedia&parent=90"}],"curies":[{"name":"wp","href":"https:\/\/api.w.org\/{rel}","templated":true}]}}