{"id":681,"date":"2023-02-15T05:46:35","date_gmt":"2023-02-15T05:46:35","guid":{"rendered":"https:\/\/mtt-fenstertechnik.at\/?page_id=681"},"modified":"2023-02-15T05:46:35","modified_gmt":"2023-02-15T05:46:35","slug":"foerderungsoptionen","status":"publish","type":"page","link":"https:\/\/mtt-fenstertechnik.at\/?page_id=681","title":{"rendered":"F\u00f6rderungsoptionen"},"content":{"rendered":"<p>[et_pb_section fb_built=&#8220;1&#8243; fullwidth=&#8220;on&#8220; theme_builder_area=&#8220;post_content&#8220; _builder_version=&#8220;4.19.4&#8243; _module_preset=&#8220;default&#8220;][et_pb_fullwidth_header title=&#8220;F\u00f6rderungsoptionen&#8220; _builder_version=&#8220;4.19.4&#8243; _module_preset=&#8220;default&#8220; theme_builder_area=&#8220;post_content&#8220; subhead=&#8220;Mit der thermischen Sanierung zum Traumhaus.&#8220; background_color=&#8220;RGBA(255,255,255,0)&#8220; title_text=&#8220;Thermal House Imaging And Heat Thermography&#8220; background_image=&#8220;https:\/\/mtt-fenstertechnik.at\/wp-content\/uploads\/2023\/02\/AdobeStock_505970603.jpeg&#8220; hover_enabled=&#8220;0&#8243; sticky_enabled=&#8220;0&#8243; min_height=&#8220;270px&#8220; custom_margin=&#8220;-3px||||false|false&#8220; title_font_size=&#8220;36px&#8220; subhead_font_size=&#8220;22px&#8220; subhead_text_color=&#8220;#000000&#8243; title_text_color=&#8220;#000000&#8243; custom_padding=&#8220;112px||||false|false&#8220;][\/et_pb_fullwidth_header][\/et_pb_section][et_pb_section fb_built=&#8220;1&#8243; theme_builder_area=&#8220;post_content&#8220; _builder_version=&#8220;4.19.4&#8243; _module_preset=&#8220;default&#8220;][et_pb_row _builder_version=&#8220;4.19.4&#8243; _module_preset=&#8220;default&#8220; theme_builder_area=&#8220;post_content&#8220;][et_pb_column _builder_version=&#8220;4.19.4&#8243; _module_preset=&#8220;default&#8220; type=&#8220;4_4&#8243; theme_builder_area=&#8220;post_content&#8220;][et_pb_text _builder_version=&#8220;4.19.4&#8243; _module_preset=&#8220;default&#8220; theme_builder_area=&#8220;post_content&#8220; text_text_color=&#8220;#000000&#8243; header_2_text_color=&#8220;#000000&#8243; header_2_font_size=&#8220;34px&#8220; hover_enabled=&#8220;0&#8243; sticky_enabled=&#8220;0&#8243;]<\/p>\n<h2><span>Die thermische Sanierung<\/span><\/h2>\n<p><span>Durch eine solche k\u00f6nnen Sie den W\u00e4rmeverlust in Ihrem Haus senken und die Wohnqualit\u00e4t verbesser. Dass senkt auch die <strong>Heizkosten,\u00a0<\/strong>was gerade jetzt finanziell am meisten Sinn macht. Ob und wann ein Fenstertausch Sinn macht, finden wir gerne mit Ihnen gemeinsam bei einem pers\u00f6nlichen Beratungstermin heraus. Was die thermische Sanierung gerade jetzt so attraktiv macht sind die <strong>umfangreichen F\u00f6rderungsoptionen in ganz \u00d6sterreich.\u00a0<\/strong>Welche das genau sind haben wir in diesem Beitrag f\u00fcr Sie zusammengefasst.<\/span><\/p>\n<p>[\/et_pb_text][\/et_pb_column][\/et_pb_row][et_pb_row _builder_version=&#8220;4.19.4&#8243; _module_preset=&#8220;default&#8220; theme_builder_area=&#8220;post_content&#8220;][et_pb_column _builder_version=&#8220;4.19.4&#8243; _module_preset=&#8220;default&#8220; type=&#8220;4_4&#8243; theme_builder_area=&#8220;post_content&#8220;][et_pb_testimonial author=&#8220;Paul Pizzera&#8220; portrait_url=&#8220;https:\/\/mtt-fenstertechnik.at\/wp-content\/uploads\/2022\/03\/PHOTO-2021-12-01-12-57-06-3.jpg&#8220; _builder_version=&#8220;4.19.4&#8243; _module_preset=&#8220;default&#8220; theme_builder_area=&#8220;post_content&#8220; title_text=&#8220;PHOTO-2021-12-01-12-57-06&#8243; hover_enabled=&#8220;0&#8243; sticky_enabled=&#8220;0&#8243;]<\/p>\n<p><span>Die MTT Fenstertechnik GmBH ist ein starkes Team und hat bei der thermsichen Sanierung meiner Wohnung ganze Arbeit geleistet und die Fenster bestens montiert und eingestellt.<\/span><\/p>\n<p>[\/et_pb_testimonial][\/et_pb_column][\/et_pb_row][et_pb_row _builder_version=&#8220;4.19.4&#8243; _module_preset=&#8220;default&#8220; theme_builder_area=&#8220;post_content&#8220; hover_enabled=&#8220;0&#8243; sticky_enabled=&#8220;0&#8243;][et_pb_column _builder_version=&#8220;4.19.4&#8243; _module_preset=&#8220;default&#8220; type=&#8220;4_4&#8243; theme_builder_area=&#8220;post_content&#8220;][et_pb_text _builder_version=&#8220;4.19.4&#8243; _module_preset=&#8220;default&#8220; theme_builder_area=&#8220;post_content&#8220; header_3_text_color=&#8220;#000000&#8243; header_3_font_size=&#8220;31px&#8220; hover_enabled=&#8220;0&#8243; sticky_enabled=&#8220;0&#8243;]<\/p>\n<h3>Der MTT-F\u00f6rder Leitfaden<\/h3>\n<p>[\/et_pb_text][et_pb_toggle title=&#8220;Warum sollte ich gerade jetzt gef\u00f6rdert Sanieren?&#8220; _builder_version=&#8220;4.19.4&#8243; _module_preset=&#8220;default&#8220; theme_builder_area=&#8220;post_content&#8220; hover_enabled=&#8220;0&#8243; sticky_enabled=&#8220;0&#8243;]<\/p>\n<p><strong>Einfache Antwort: Weil es sich auszahlt!<\/strong> Nat\u00fcrlich ist eine solche Sanierung mit gro\u00dfen Kosten verbunden. Nur durch die F\u00f6rderung des Landes und die gro\u00dfe Ersparnis bei den Heizkosten hat sich diese Investition schnell amortisiert.<\/p>\n<p>[\/et_pb_toggle][et_pb_toggle title=&#8220;Welche Bedingungen hat eine F\u00f6rderung?&#8220; _builder_version=&#8220;4.19.4&#8243; _module_preset=&#8220;default&#8220; theme_builder_area=&#8220;post_content&#8220; hover_enabled=&#8220;0&#8243; sticky_enabled=&#8220;0&#8243;]<\/p>\n<p>Die Regeln sind einfach &#8211; \u00a0Sie m\u00fcssen entweder\u00a0<strong>Eigent\u00fcmer, Mieter, Bauberechtigter\u00a0<\/strong>oder\u00a0<strong>Verwalter\u00a0<\/strong>sein und Ihren\u00a0<strong>Hauptwohnsitz\u00a0<\/strong>bei dieser Liegenschaft haben.<\/p>\n<p>[\/et_pb_toggle][et_pb_toggle title=&#8220;Was wird gef\u00f6rdert?&#8220; _builder_version=&#8220;4.19.4&#8243; _module_preset=&#8220;default&#8220; theme_builder_area=&#8220;post_content&#8220; hover_enabled=&#8220;0&#8243; sticky_enabled=&#8220;0&#8243;]<\/p>\n<p>Die F\u00f6rderungen bei der thermsichen Sanierung teilt sich auf 3 Bereiche auf:<br \/>&#8211;<strong>W\u00e4nde &amp; Decken:<\/strong> Hier wird die D\u00e4mmung der Aussen- und Kellerw\u00e4nde, sowie auch der obersten Geschossdecke bzw. des Dachstuhls gef\u00f6rdert.<br \/>&#8211;<strong>Fenster &amp; T\u00fcren:\u00a0<\/strong>Hier f\u00e4llt unser komplettes Sortiment hinein. Vom Fenster, Sonnenschutz \u00fcber die Haust\u00fcr wird alles gef\u00f6rdert. Auch eine neue Wohnungseingangst\u00fcr f\u00e4llt unter diese Kategorie.<br \/>&#8211;<strong>Heizungen:\u00a0<\/strong>Um weiter Heizkosten zu sparen wird unter anderem auch der Tausch einer \u00d6lheizung gro\u00dfz\u00fcgig gef\u00f6rdert,<\/p>\n<p>[\/et_pb_toggle][et_pb_toggle title=&#8220;Gibt es Grenzen?&#8220; _builder_version=&#8220;4.19.4&#8243; _module_preset=&#8220;default&#8220; theme_builder_area=&#8220;post_content&#8220; hover_enabled=&#8220;0&#8243; sticky_enabled=&#8220;0&#8243;]<\/p>\n<p><strong>Ja,\u00a0<\/strong>die gibt es. Mieter k\u00f6nnen nicht mehr als 23.000\u20ac F\u00f6rderung erhalten. F\u00fcr alle anderen gilt ein H\u00f6chstbetrag von 750\u20ac pro Quadratmeter Nutzfl\u00e4che.<\/p>\n<p>[\/et_pb_toggle][et_pb_toggle title=&#8220;Wie wird gef\u00f6rdert?&#8220; _builder_version=&#8220;4.19.4&#8243; _module_preset=&#8220;default&#8220; theme_builder_area=&#8220;post_content&#8220; hover_enabled=&#8220;0&#8243; sticky_enabled=&#8220;0&#8243;]<\/p>\n<p>Die einzelen Bundesl\u00e4nder f\u00f6rdern entweder durch einen\u00a0<strong>Annuit\u00e4tenzuschuss\u00a0<\/strong>oder durch eine\u00a0<strong>EInmalzahlung.\u00a0<\/strong>Wie im Details gef\u00f6rdert wird finden Sie auf der jeweiligen Website Ihres Bundeslandes.<\/p>\n<p>[\/et_pb_toggle][et_pb_toggle title=&#8220;Wo muss ich meinen Antrag stellen?&#8220; _builder_version=&#8220;4.19.4&#8243; _module_preset=&#8220;default&#8220; theme_builder_area=&#8220;post_content&#8220; hover_enabled=&#8220;0&#8243; sticky_enabled=&#8220;0&#8243;]<\/p>\n<p>Ihr F\u00f6rderantrag muss bei der zust\u00e4ndigen Stelle Ihres Bundeslandes gestellt werden. F\u00fcr einen\u00a0<strong>F\u00f6rderantrag\u00a0<\/strong>ben\u00f6tigen Sie grunds\u00e4tzlich zu folgenden Punkte Daten und Dokumente:\u00a0<strong>F\u00f6rderungswerber\u00a0<\/strong>(Eigentumgsnachweis, Auflistung der Bewohner usw.),\u00a0<strong>Geb\u00e4ude &amp; Sanierung\u00a0<\/strong>(Pl\u00e4ne, Auflistung der geplanten Sanierung),\u00a0<strong>Finanzierung\u00a0<\/strong>(z.B. Kreditzusage)<\/p>\n<p>[\/et_pb_toggle][\/et_pb_column][\/et_pb_row][et_pb_row _builder_version=&#8220;4.19.4&#8243; _module_preset=&#8220;default&#8220; column_structure=&#8220;1_2,1_2&#8243; theme_builder_area=&#8220;post_content&#8220;][et_pb_column _builder_version=&#8220;4.19.4&#8243; _module_preset=&#8220;default&#8220; type=&#8220;1_2&#8243; theme_builder_area=&#8220;post_content&#8220;][et_pb_image src=&#8220;https:\/\/mtt-fenstertechnik.at\/wp-content\/uploads\/2021\/12\/2051969_MTT_Team-1-1.jpg&#8220; _builder_version=&#8220;4.19.4&#8243; _module_preset=&#8220;default&#8220; theme_builder_area=&#8220;post_content&#8220; title_text=&#8220;2051969_MTT_Team-1&#8243; hover_enabled=&#8220;0&#8243; sticky_enabled=&#8220;0&#8243;][\/et_pb_image][\/et_pb_column][et_pb_column _builder_version=&#8220;4.19.4&#8243; _module_preset=&#8220;default&#8220; type=&#8220;1_2&#8243; theme_builder_area=&#8220;post_content&#8220;][et_pb_text _builder_version=&#8220;4.19.4&#8243; _module_preset=&#8220;default&#8220; theme_builder_area=&#8220;post_content&#8220; header_3_text_color=&#8220;#000000&#8243; header_3_font_size=&#8220;62px&#8220; text_text_color=&#8220;#000000&#8243; hover_enabled=&#8220;0&#8243; sticky_enabled=&#8220;0&#8243;]<\/p>\n<h3>Wir beraten Sie gerne!<\/h3>\n<p>Haben wir Ihr Interesse geweckt? Wir kommen gerne f\u00fcr eine pers\u00f6nliches Beratungsgespr\u00e4ch bei Ihnen vorbei und beraten Sie welche Art der thermischen Sanierung bei Ihnen SInn macht und nehmen was die Sanierung der Fenster und T\u00fcren angeht gerne die komplette Abwicklung vom Angebot bis zur Unterst\u00fctzung bei der F\u00f6rderung f\u00fcr Sie in die Hand. Eben &#8222;alles aus einer Hand!&#8220;.<\/p>\n<p>[\/et_pb_text][et_pb_button button_text=&#8220;Website des Landes Steiermark&#8220; _builder_version=&#8220;4.19.4&#8243; _module_preset=&#8220;default&#8220; theme_builder_area=&#8220;post_content&#8220; button_url=&#8220;https:\/\/www.wohnbau.steiermark.at\/cms\/beitrag\/12838420\/164947199\/&#8220; hover_enabled=&#8220;0&#8243; sticky_enabled=&#8220;0&#8243;][\/et_pb_button][\/et_pb_column][\/et_pb_row][\/et_pb_section]<\/p>\n","protected":false},"excerpt":{"rendered":"<p>Die thermische Sanierung Durch eine solche k\u00f6nnen Sie den W\u00e4rmeverlust in Ihrem Haus senken und die Wohnqualit\u00e4t verbesser. Dass senkt auch die Heizkosten,\u00a0was gerade jetzt finanziell am meisten Sinn macht. Ob und wann ein Fenstertausch Sinn macht, finden wir gerne mit Ihnen gemeinsam bei einem pers\u00f6nlichen Beratungstermin heraus. Was die thermische Sanierung gerade jetzt so [&hellip;]<\/p>\n","protected":false},"author":1,"featured_media":682,"parent":0,"menu_order":0,"comment_status":"closed","ping_status":"closed","template":"","meta":{"_et_pb_use_builder":"on","_et_pb_old_content":"","_et_gb_content_width":"","footnotes":""},"class_list":["post-681","page","type-page","status-publish","has-post-thumbnail","hentry"],"yoast_head":"<!-- This site is optimized with the Yoast SEO plugin v26.5 - https:\/\/yoast.com\/wordpress\/plugins\/seo\/ -->\n<title>F\u00f6rderungsoptionen - MTT Fenstertechnik<\/title>\n<meta name=\"robots\" content=\"index, follow, max-snippet:-1, max-image-preview:large, max-video-preview:-1\" \/>\n<link rel=\"canonical\" href=\"https:\/\/mtt-fenstertechnik.at\/?page_id=681\" \/>\n<meta property=\"og:locale\" content=\"de_DE\" \/>\n<meta property=\"og:type\" content=\"article\" \/>\n<meta property=\"og:title\" content=\"F\u00f6rderungsoptionen - MTT Fenstertechnik\" \/>\n<meta property=\"og:description\" content=\"Die thermische Sanierung Durch eine solche k\u00f6nnen Sie den W\u00e4rmeverlust in Ihrem Haus senken und die Wohnqualit\u00e4t verbesser. Dass senkt auch die Heizkosten,\u00a0was gerade jetzt finanziell am meisten Sinn macht. Ob und wann ein Fenstertausch Sinn macht, finden wir gerne mit Ihnen gemeinsam bei einem pers\u00f6nlichen Beratungstermin heraus. Was die thermische Sanierung gerade jetzt so [&hellip;]\" \/>\n<meta property=\"og:url\" content=\"https:\/\/mtt-fenstertechnik.at\/?page_id=681\" \/>\n<meta property=\"og:site_name\" content=\"MTT Fenstertechnik\" \/>\n<meta property=\"og:image\" content=\"https:\/\/mtt-fenstertechnik.at\/wp-content\/uploads\/2023\/02\/AdobeStock_505970603-1024x683.jpeg\" \/>\n\t<meta property=\"og:image:width\" content=\"1024\" \/>\n\t<meta property=\"og:image:height\" content=\"683\" \/>\n\t<meta property=\"og:image:type\" content=\"image\/jpeg\" \/>\n<meta name=\"twitter:card\" content=\"summary_large_image\" \/>\n<script type=\"application\/ld+json\" class=\"yoast-schema-graph\">{\"@context\":\"https:\/\/schema.org\",\"@graph\":[{\"@type\":\"WebPage\",\"@id\":\"https:\/\/mtt-fenstertechnik.at\/?page_id=681\",\"url\":\"https:\/\/mtt-fenstertechnik.at\/?page_id=681\",\"name\":\"F\u00f6rderungsoptionen - MTT Fenstertechnik\",\"isPartOf\":{\"@id\":\"https:\/\/mtt-fenstertechnik.at\/#website\"},\"primaryImageOfPage\":{\"@id\":\"https:\/\/mtt-fenstertechnik.at\/?page_id=681#primaryimage\"},\"image\":{\"@id\":\"https:\/\/mtt-fenstertechnik.at\/?page_id=681#primaryimage\"},\"thumbnailUrl\":\"https:\/\/mtt-fenstertechnik.at\/wp-content\/uploads\/2023\/02\/AdobeStock_505970603.jpeg\",\"datePublished\":\"2023-02-15T05:46:35+00:00\",\"breadcrumb\":{\"@id\":\"https:\/\/mtt-fenstertechnik.at\/?page_id=681#breadcrumb\"},\"inLanguage\":\"de\",\"potentialAction\":[{\"@type\":\"ReadAction\",\"target\":[\"https:\/\/mtt-fenstertechnik.at\/?page_id=681\"]}]},{\"@type\":\"ImageObject\",\"inLanguage\":\"de\",\"@id\":\"https:\/\/mtt-fenstertechnik.at\/?page_id=681#primaryimage\",\"url\":\"https:\/\/mtt-fenstertechnik.at\/wp-content\/uploads\/2023\/02\/AdobeStock_505970603.jpeg\",\"contentUrl\":\"https:\/\/mtt-fenstertechnik.at\/wp-content\/uploads\/2023\/02\/AdobeStock_505970603.jpeg\",\"width\":8711,\"height\":5807,\"caption\":\"Thermal House Imaging And Heat Thermography. Insulation Image\"},{\"@type\":\"BreadcrumbList\",\"@id\":\"https:\/\/mtt-fenstertechnik.at\/?page_id=681#breadcrumb\",\"itemListElement\":[{\"@type\":\"ListItem\",\"position\":1,\"name\":\"Home\",\"item\":\"https:\/\/mtt-fenstertechnik.at\/\"},{\"@type\":\"ListItem\",\"position\":2,\"name\":\"F\u00f6rderungsoptionen\"}]},{\"@type\":\"WebSite\",\"@id\":\"https:\/\/mtt-fenstertechnik.at\/#website\",\"url\":\"https:\/\/mtt-fenstertechnik.at\/\",\"name\":\"MTT Fenstertechnik\",\"description\":\"Ihr Fenster-Partner\",\"potentialAction\":[{\"@type\":\"SearchAction\",\"target\":{\"@type\":\"EntryPoint\",\"urlTemplate\":\"https:\/\/mtt-fenstertechnik.at\/?s={search_term_string}\"},\"query-input\":{\"@type\":\"PropertyValueSpecification\",\"valueRequired\":true,\"valueName\":\"search_term_string\"}}],\"inLanguage\":\"de\"}]}<\/script>\n<!-- \/ Yoast SEO plugin. -->","yoast_head_json":{"title":"F\u00f6rderungsoptionen - MTT Fenstertechnik","robots":{"index":"index","follow":"follow","max-snippet":"max-snippet:-1","max-image-preview":"max-image-preview:large","max-video-preview":"max-video-preview:-1"},"canonical":"https:\/\/mtt-fenstertechnik.at\/?page_id=681","og_locale":"de_DE","og_type":"article","og_title":"F\u00f6rderungsoptionen - MTT Fenstertechnik","og_description":"Die thermische Sanierung Durch eine solche k\u00f6nnen Sie den W\u00e4rmeverlust in Ihrem Haus senken und die Wohnqualit\u00e4t verbesser. Dass senkt auch die Heizkosten,\u00a0was gerade jetzt finanziell am meisten Sinn macht. Ob und wann ein Fenstertausch Sinn macht, finden wir gerne mit Ihnen gemeinsam bei einem pers\u00f6nlichen Beratungstermin heraus. Was die thermische Sanierung gerade jetzt so [&hellip;]","og_url":"https:\/\/mtt-fenstertechnik.at\/?page_id=681","og_site_name":"MTT Fenstertechnik","og_image":[{"width":1024,"height":683,"url":"https:\/\/mtt-fenstertechnik.at\/wp-content\/uploads\/2023\/02\/AdobeStock_505970603-1024x683.jpeg","type":"image\/jpeg"}],"twitter_card":"summary_large_image","schema":{"@context":"https:\/\/schema.org","@graph":[{"@type":"WebPage","@id":"https:\/\/mtt-fenstertechnik.at\/?page_id=681","url":"https:\/\/mtt-fenstertechnik.at\/?page_id=681","name":"F\u00f6rderungsoptionen - MTT Fenstertechnik","isPartOf":{"@id":"https:\/\/mtt-fenstertechnik.at\/#website"},"primaryImageOfPage":{"@id":"https:\/\/mtt-fenstertechnik.at\/?page_id=681#primaryimage"},"image":{"@id":"https:\/\/mtt-fenstertechnik.at\/?page_id=681#primaryimage"},"thumbnailUrl":"https:\/\/mtt-fenstertechnik.at\/wp-content\/uploads\/2023\/02\/AdobeStock_505970603.jpeg","datePublished":"2023-02-15T05:46:35+00:00","breadcrumb":{"@id":"https:\/\/mtt-fenstertechnik.at\/?page_id=681#breadcrumb"},"inLanguage":"de","potentialAction":[{"@type":"ReadAction","target":["https:\/\/mtt-fenstertechnik.at\/?page_id=681"]}]},{"@type":"ImageObject","inLanguage":"de","@id":"https:\/\/mtt-fenstertechnik.at\/?page_id=681#primaryimage","url":"https:\/\/mtt-fenstertechnik.at\/wp-content\/uploads\/2023\/02\/AdobeStock_505970603.jpeg","contentUrl":"https:\/\/mtt-fenstertechnik.at\/wp-content\/uploads\/2023\/02\/AdobeStock_505970603.jpeg","width":8711,"height":5807,"caption":"Thermal House Imaging And Heat Thermography. Insulation Image"},{"@type":"BreadcrumbList","@id":"https:\/\/mtt-fenstertechnik.at\/?page_id=681#breadcrumb","itemListElement":[{"@type":"ListItem","position":1,"name":"Home","item":"https:\/\/mtt-fenstertechnik.at\/"},{"@type":"ListItem","position":2,"name":"F\u00f6rderungsoptionen"}]},{"@type":"WebSite","@id":"https:\/\/mtt-fenstertechnik.at\/#website","url":"https:\/\/mtt-fenstertechnik.at\/","name":"MTT Fenstertechnik","description":"Ihr Fenster-Partner","potentialAction":[{"@type":"SearchAction","target":{"@type":"EntryPoint","urlTemplate":"https:\/\/mtt-fenstertechnik.at\/?s={search_term_string}"},"query-input":{"@type":"PropertyValueSpecification","valueRequired":true,"valueName":"search_term_string"}}],"inLanguage":"de"}]}},"_links":{"self":[{"href":"https:\/\/mtt-fenstertechnik.at\/index.php?rest_route=\/wp\/v2\/pages\/681","targetHints":{"allow":["GET"]}}],"collection":[{"href":"https:\/\/mtt-fenstertechnik.at\/index.php?rest_route=\/wp\/v2\/pages"}],"about":[{"href":"https:\/\/mtt-fenstertechnik.at\/index.php?rest_route=\/wp\/v2\/types\/page"}],"author":[{"embeddable":true,"href":"https:\/\/mtt-fenstertechnik.at\/index.php?rest_route=\/wp\/v2\/users\/1"}],"replies":[{"embeddable":true,"href":"https:\/\/mtt-fenstertechnik.at\/index.php?rest_route=%2Fwp%2Fv2%2Fcomments&post=681"}],"version-history":[{"count":2,"href":"https:\/\/mtt-fenstertechnik.at\/index.php?rest_route=\/wp\/v2\/pages\/681\/revisions"}],"predecessor-version":[{"id":685,"href":"https:\/\/mtt-fenstertechnik.at\/index.php?rest_route=\/wp\/v2\/pages\/681\/revisions\/685"}],"wp:featuredmedia":[{"embeddable":true,"href":"https:\/\/mtt-fenstertechnik.at\/index.php?rest_route=\/wp\/v2\/media\/682"}],"wp:attachment":[{"href":"https:\/\/mtt-fenstertechnik.at\/index.php?rest_route=%2Fwp%2Fv2%2Fmedia&parent=681"}],"curies":[{"name":"wp","href":"https:\/\/api.w.org\/{rel}","templated":true}]}}