{"id":239,"date":"2021-12-13T17:31:20","date_gmt":"2021-12-13T17:31:20","guid":{"rendered":"http:\/\/mttfenstertechnik.kinsta.cloud\/?page_id=239"},"modified":"2022-01-13T18:52:58","modified_gmt":"2022-01-13T18:52:58","slug":"insektenschutz","status":"publish","type":"page","link":"https:\/\/mtt-fenstertechnik.at\/?page_id=239","title":{"rendered":"Insektenschutz"},"content":{"rendered":"<p>[et_pb_section fb_built=&#8220;1&#8243; _builder_version=&#8220;4.14.5&#8243; _module_preset=&#8220;default&#8220; background_image=&#8220;http:\/\/mttfenstertechnik.kinsta.cloud\/wp-content\/uploads\/2022\/01\/shutterstock_1765848605-scaled.jpg&#8220; global_colors_info=&#8220;{}&#8220;][et_pb_row _builder_version=&#8220;4.9.10&#8243; _module_preset=&#8220;default&#8220; global_colors_info=&#8220;{}&#8220;][et_pb_column type=&#8220;4_4&#8243; _builder_version=&#8220;4.9.10&#8243; _module_preset=&#8220;default&#8220; global_colors_info=&#8220;{}&#8220;][et_pb_text _builder_version=&#8220;4.14.5&#8243; _module_preset=&#8220;default&#8220; header_font_size=&#8220;59px&#8220; header_2_text_color=&#8220;#000000&#8243; header_2_font_size=&#8220;24px&#8220; background_color=&#8220;rgba(255,255,255,0.75)&#8220; header_font_size_tablet=&#8220;59px&#8220; header_font_size_phone=&#8220;40px&#8220; header_font_size_last_edited=&#8220;on|phone&#8220; global_colors_info=&#8220;{}&#8220;]<\/p>\n<h1>Insektenschutz<\/h1>\n<h2>L\u00e4sst Luft herein und Insekten drau\u00dfen.<\/h2>\n<p>&nbsp;<\/p>\n<p>[\/et_pb_text][\/et_pb_column][\/et_pb_row][\/et_pb_section][et_pb_section fb_built=&#8220;1&#8243; _builder_version=&#8220;4.9.10&#8243; _module_preset=&#8220;default&#8220; global_colors_info=&#8220;{}&#8220;][et_pb_row _builder_version=&#8220;4.9.10&#8243; _module_preset=&#8220;default&#8220; global_colors_info=&#8220;{}&#8220;][et_pb_column type=&#8220;4_4&#8243; _builder_version=&#8220;4.9.10&#8243; _module_preset=&#8220;default&#8220; global_colors_info=&#8220;{}&#8220;][et_pb_text _builder_version=&#8220;4.14.5&#8243; _module_preset=&#8220;default&#8220; text_text_color=&#8220;#000000&#8243; header_2_text_color=&#8220;#000000&#8243; text_orientation=&#8220;center&#8220; max_width=&#8220;80%&#8220; module_alignment=&#8220;center&#8220; global_colors_info=&#8220;{}&#8220;]<\/p>\n<h2 style=\"text-align: left;\">Lassen Sie l\u00e4stige Insekten unsere Sorge sein.<\/h2>\n<p style=\"text-align: justify;\">Was nutzt einem das sch\u00f6nste Fenster, wenn man es im Sommer nicht \u00f6fnnen kann. Oft genug halten uns diverse Insekten wach und sorgen auch daf\u00fcr, dass man am Tag danach noch etwas davon hat. Wir k\u00fcmmern uns um Ihre individuell L\u00f6sung zum Thema Insektenschutz. Unsere Insektenschutz-Systeme k\u00f6nnen auch problemlos nachger\u00fcstet werden. Auch hier kooperieren wir mit der Firma \u00a0<strong>Schlotterer.\u00a0<\/strong><\/p>\n<p>[\/et_pb_text][\/et_pb_column][\/et_pb_row][\/et_pb_section][et_pb_section fb_built=&#8220;1&#8243; _builder_version=&#8220;4.14.5&#8243; _module_preset=&#8220;default&#8220; background_image=&#8220;http:\/\/mttfenstertechnik.kinsta.cloud\/wp-content\/uploads\/2022\/01\/Schlotterer_IGI_Dreh_Schieberahmen_07.jpg&#8220; global_colors_info=&#8220;{}&#8220;][et_pb_row _builder_version=&#8220;4.14.5&#8243; _module_preset=&#8220;default&#8220; global_colors_info=&#8220;{}&#8220;][et_pb_column type=&#8220;4_4&#8243; _builder_version=&#8220;4.14.5&#8243; _module_preset=&#8220;default&#8220; global_colors_info=&#8220;{}&#8220;][\/et_pb_column][\/et_pb_row][\/et_pb_section][et_pb_section fb_built=&#8220;1&#8243; _builder_version=&#8220;4.14.5&#8243; _module_preset=&#8220;default&#8220; global_colors_info=&#8220;{}&#8220;][et_pb_row _builder_version=&#8220;4.14.5&#8243; _module_preset=&#8220;default&#8220; global_colors_info=&#8220;{}&#8220;][et_pb_column type=&#8220;4_4&#8243; _builder_version=&#8220;4.14.5&#8243; _module_preset=&#8220;default&#8220; global_colors_info=&#8220;{}&#8220;][et_pb_text _builder_version=&#8220;4.14.5&#8243; _module_preset=&#8220;default&#8220; text_text_color=&#8220;#000000&#8243; header_3_text_color=&#8220;#000000&#8243; header_3_font_size=&#8220;31px&#8220; max_width=&#8220;80%&#8220; module_alignment=&#8220;center&#8220; global_colors_info=&#8220;{}&#8220;]<\/p>\n<h3>Verschiedene Systeme<\/h3>\n<p style=\"text-align: justify;\">Bei unseren Insektenschutz-Systemen von Schlotterer haben Sie die Qual der Wahl, wenn es um die Art der Befestigung geht. Mit unserer langj\u00e4hrigen Erfahrung beraten wir Sie hier sehr gerne und k\u00f6nnen Ihnen auch alle Systeme in einem unserer Schaur\u00e4ume vorstellen.<\/p>\n<p>[\/et_pb_text][\/et_pb_column][\/et_pb_row][et_pb_row column_structure=&#8220;1_3,1_3,1_3&#8243; _builder_version=&#8220;4.14.5&#8243; _module_preset=&#8220;default&#8220; global_colors_info=&#8220;{}&#8220;][et_pb_column type=&#8220;1_3&#8243; _builder_version=&#8220;4.14.5&#8243; _module_preset=&#8220;default&#8220; global_colors_info=&#8220;{}&#8220;][et_pb_image src=&#8220;http:\/\/mttfenstertechnik.kinsta.cloud\/wp-content\/uploads\/2022\/01\/csm_Schlotterer-Insektenschutz-Plissee-Durchsicht_243cfb1260-1.jpg&#8220; title_text=&#8220;csm_Schlotterer-Insektenschutz-Plissee-Durchsicht_243cfb1260&#8243; _builder_version=&#8220;4.14.5&#8243; _module_preset=&#8220;default&#8220; global_colors_info=&#8220;{}&#8220;][\/et_pb_image][et_pb_text _builder_version=&#8220;4.14.5&#8243; _module_preset=&#8220;default&#8220; text_text_color=&#8220;#000000&#8243; header_4_text_color=&#8220;#000000&#8243; global_colors_info=&#8220;{}&#8220;]<\/p>\n<h4>Brandneu: Die Plissee T\u00fcr<\/h4>\n<p>Die neue Plissee-T\u00fcr empfiehlt sich besonders bei Hebeschiebet\u00fcren.<\/p>\n<p>[\/et_pb_text][\/et_pb_column][et_pb_column type=&#8220;1_3&#8243; _builder_version=&#8220;4.14.5&#8243; _module_preset=&#8220;default&#8220; global_colors_info=&#8220;{}&#8220;][et_pb_image src=&#8220;http:\/\/mttfenstertechnik.kinsta.cloud\/wp-content\/uploads\/2022\/01\/csm_schlotterer-insektenschutz-spannrahmen_91cfd98cd2-1.jpg&#8220; title_text=&#8220;csm_schlotterer-insektenschutz-spannrahmen_91cfd98cd2&#8243; _builder_version=&#8220;4.14.5&#8243; _module_preset=&#8220;default&#8220; global_colors_info=&#8220;{}&#8220;][\/et_pb_image][et_pb_text _builder_version=&#8220;4.14.5&#8243; _module_preset=&#8220;default&#8220; text_text_color=&#8220;#000000&#8243; header_4_text_color=&#8220;#000000&#8243; locked=&#8220;off&#8220; global_colors_info=&#8220;{}&#8220;]<\/p>\n<h4>Der Spannrahmen<\/h4>\n<p>Dieser Klassiker empfiehlt sich alle normalen Fenster im Haus.<\/p>\n<p>[\/et_pb_text][\/et_pb_column][et_pb_column type=&#8220;1_3&#8243; _builder_version=&#8220;4.14.5&#8243; _module_preset=&#8220;default&#8220; global_colors_info=&#8220;{}&#8220;][et_pb_image src=&#8220;http:\/\/mttfenstertechnik.kinsta.cloud\/wp-content\/uploads\/2022\/01\/csm_schlotterer-insektenschutz-drehrahmen_3596ab7b79.jpg&#8220; title_text=&#8220;csm_schlotterer-insektenschutz-drehrahmen_3596ab7b79&#8243; _builder_version=&#8220;4.14.5&#8243; _module_preset=&#8220;default&#8220; global_colors_info=&#8220;{}&#8220;][\/et_pb_image][et_pb_text _builder_version=&#8220;4.14.5&#8243; _module_preset=&#8220;default&#8220; text_text_color=&#8220;#000000&#8243; header_4_text_color=&#8220;#000000&#8243; locked=&#8220;off&#8220; global_colors_info=&#8220;{}&#8220;]<\/p>\n<h4>Die Dreht\u00fcr<\/h4>\n<p>Unerreicht bei allen Balkont\u00fcren.<\/p>\n<p>[\/et_pb_text][\/et_pb_column][\/et_pb_row][et_pb_row column_structure=&#8220;1_2,1_2&#8243; _builder_version=&#8220;4.14.5&#8243; _module_preset=&#8220;default&#8220; locked=&#8220;off&#8220; global_colors_info=&#8220;{}&#8220;][et_pb_column type=&#8220;1_2&#8243; _builder_version=&#8220;4.14.5&#8243; _module_preset=&#8220;default&#8220; global_colors_info=&#8220;{}&#8220;][et_pb_image src=&#8220;http:\/\/mttfenstertechnik.kinsta.cloud\/wp-content\/uploads\/2022\/01\/csm_schlotterer-insektenschutz-schieberahmen_a22cf3edc0.jpg&#8220; title_text=&#8220;csm_schlotterer-insektenschutz-schieberahmen_a22cf3edc0&#8243; _builder_version=&#8220;4.14.5&#8243; _module_preset=&#8220;default&#8220; global_colors_info=&#8220;{}&#8220;][\/et_pb_image][et_pb_text _builder_version=&#8220;4.14.5&#8243; _module_preset=&#8220;default&#8220; text_text_color=&#8220;#000000&#8243; header_4_text_color=&#8220;#000000&#8243; global_colors_info=&#8220;{}&#8220;]<\/p>\n<h4>Der Schieberahmen<\/h4>\n<p>Bei gro\u00dfen Hebeschiebet\u00fcren und bei Terassen empfiehlt sich sehr oft der Schieberahmen, da er ein hohes Ma\u00df an Belastbarkeit mit sich bringt.<\/p>\n<p>[\/et_pb_text][\/et_pb_column][et_pb_column type=&#8220;1_2&#8243; _builder_version=&#8220;4.14.5&#8243; _module_preset=&#8220;default&#8220; global_colors_info=&#8220;{}&#8220;][et_pb_image src=&#8220;http:\/\/mttfenstertechnik.kinsta.cloud\/wp-content\/uploads\/2022\/01\/csm_schlotterer-insektenschutz-rollo_055fa00782.jpg&#8220; title_text=&#8220;csm_schlotterer-insektenschutz-rollo_055fa00782&#8243; _builder_version=&#8220;4.14.5&#8243; _module_preset=&#8220;default&#8220; global_colors_info=&#8220;{}&#8220;][\/et_pb_image][et_pb_text _builder_version=&#8220;4.14.5&#8243; _module_preset=&#8220;default&#8220; text_text_color=&#8220;#000000&#8243; header_4_text_color=&#8220;#000000&#8243; hover_enabled=&#8220;0&#8243; locked=&#8220;off&#8220; global_colors_info=&#8220;{}&#8220; sticky_enabled=&#8220;0&#8243;]<\/p>\n<h4>Die Rollo<\/h4>\n<p>Eine Insektenschutz-Rolle empfhielt sich dann, wenn oft z.B. Blumen oder Dekorations auf der \u00e4u\u00dferen Fensterbank gepflegt werden m\u00fcssen.<\/p>\n<p>[\/et_pb_text][\/et_pb_column][\/et_pb_row][\/et_pb_section]<\/p>\n","protected":false},"excerpt":{"rendered":"<p>Insektenschutz L\u00e4sst Luft herein und Insekten drau\u00dfen. &nbsp;Lassen Sie l\u00e4stige Insekten unsere Sorge sein. Was nutzt einem das sch\u00f6nste Fenster, wenn man es im Sommer nicht \u00f6fnnen kann. Oft genug halten uns diverse Insekten wach und sorgen auch daf\u00fcr, dass man am Tag danach noch etwas davon hat. Wir k\u00fcmmern uns um Ihre individuell L\u00f6sung [&hellip;]<\/p>\n","protected":false},"author":1,"featured_media":0,"parent":0,"menu_order":0,"comment_status":"closed","ping_status":"closed","template":"","meta":{"_et_pb_use_builder":"on","_et_pb_old_content":"","_et_gb_content_width":"","footnotes":""},"class_list":["post-239","page","type-page","status-publish","hentry"],"yoast_head":"<!-- This site is optimized with the Yoast SEO plugin v26.5 - https:\/\/yoast.com\/wordpress\/plugins\/seo\/ -->\n<title>Insektenschutz - MTT Fenstertechnik<\/title>\n<meta name=\"robots\" content=\"index, follow, max-snippet:-1, max-image-preview:large, max-video-preview:-1\" \/>\n<link rel=\"canonical\" href=\"https:\/\/mtt-fenstertechnik.at\/?page_id=239\" \/>\n<meta property=\"og:locale\" content=\"de_DE\" \/>\n<meta property=\"og:type\" content=\"article\" \/>\n<meta property=\"og:title\" content=\"Insektenschutz - MTT Fenstertechnik\" \/>\n<meta property=\"og:description\" content=\"Insektenschutz L\u00e4sst Luft herein und Insekten drau\u00dfen. &nbsp;Lassen Sie l\u00e4stige Insekten unsere Sorge sein. Was nutzt einem das sch\u00f6nste Fenster, wenn man es im Sommer nicht \u00f6fnnen kann. Oft genug halten uns diverse Insekten wach und sorgen auch daf\u00fcr, dass man am Tag danach noch etwas davon hat. Wir k\u00fcmmern uns um Ihre individuell L\u00f6sung [&hellip;]\" \/>\n<meta property=\"og:url\" content=\"https:\/\/mtt-fenstertechnik.at\/?page_id=239\" \/>\n<meta property=\"og:site_name\" content=\"MTT Fenstertechnik\" \/>\n<meta property=\"article:modified_time\" content=\"2022-01-13T18:52:58+00:00\" \/>\n<meta name=\"twitter:card\" content=\"summary_large_image\" \/>\n<script type=\"application\/ld+json\" class=\"yoast-schema-graph\">{\"@context\":\"https:\/\/schema.org\",\"@graph\":[{\"@type\":\"WebPage\",\"@id\":\"https:\/\/mtt-fenstertechnik.at\/?page_id=239\",\"url\":\"https:\/\/mtt-fenstertechnik.at\/?page_id=239\",\"name\":\"Insektenschutz - MTT Fenstertechnik\",\"isPartOf\":{\"@id\":\"https:\/\/mtt-fenstertechnik.at\/#website\"},\"datePublished\":\"2021-12-13T17:31:20+00:00\",\"dateModified\":\"2022-01-13T18:52:58+00:00\",\"breadcrumb\":{\"@id\":\"https:\/\/mtt-fenstertechnik.at\/?page_id=239#breadcrumb\"},\"inLanguage\":\"de\",\"potentialAction\":[{\"@type\":\"ReadAction\",\"target\":[\"https:\/\/mtt-fenstertechnik.at\/?page_id=239\"]}]},{\"@type\":\"BreadcrumbList\",\"@id\":\"https:\/\/mtt-fenstertechnik.at\/?page_id=239#breadcrumb\",\"itemListElement\":[{\"@type\":\"ListItem\",\"position\":1,\"name\":\"Home\",\"item\":\"https:\/\/mtt-fenstertechnik.at\/\"},{\"@type\":\"ListItem\",\"position\":2,\"name\":\"Insektenschutz\"}]},{\"@type\":\"WebSite\",\"@id\":\"https:\/\/mtt-fenstertechnik.at\/#website\",\"url\":\"https:\/\/mtt-fenstertechnik.at\/\",\"name\":\"MTT Fenstertechnik\",\"description\":\"Ihr Fenster-Partner\",\"potentialAction\":[{\"@type\":\"SearchAction\",\"target\":{\"@type\":\"EntryPoint\",\"urlTemplate\":\"https:\/\/mtt-fenstertechnik.at\/?s={search_term_string}\"},\"query-input\":{\"@type\":\"PropertyValueSpecification\",\"valueRequired\":true,\"valueName\":\"search_term_string\"}}],\"inLanguage\":\"de\"}]}<\/script>\n<!-- \/ Yoast SEO plugin. -->","yoast_head_json":{"title":"Insektenschutz - MTT Fenstertechnik","robots":{"index":"index","follow":"follow","max-snippet":"max-snippet:-1","max-image-preview":"max-image-preview:large","max-video-preview":"max-video-preview:-1"},"canonical":"https:\/\/mtt-fenstertechnik.at\/?page_id=239","og_locale":"de_DE","og_type":"article","og_title":"Insektenschutz - MTT Fenstertechnik","og_description":"Insektenschutz L\u00e4sst Luft herein und Insekten drau\u00dfen. &nbsp;Lassen Sie l\u00e4stige Insekten unsere Sorge sein. Was nutzt einem das sch\u00f6nste Fenster, wenn man es im Sommer nicht \u00f6fnnen kann. Oft genug halten uns diverse Insekten wach und sorgen auch daf\u00fcr, dass man am Tag danach noch etwas davon hat. Wir k\u00fcmmern uns um Ihre individuell L\u00f6sung [&hellip;]","og_url":"https:\/\/mtt-fenstertechnik.at\/?page_id=239","og_site_name":"MTT Fenstertechnik","article_modified_time":"2022-01-13T18:52:58+00:00","twitter_card":"summary_large_image","schema":{"@context":"https:\/\/schema.org","@graph":[{"@type":"WebPage","@id":"https:\/\/mtt-fenstertechnik.at\/?page_id=239","url":"https:\/\/mtt-fenstertechnik.at\/?page_id=239","name":"Insektenschutz - MTT Fenstertechnik","isPartOf":{"@id":"https:\/\/mtt-fenstertechnik.at\/#website"},"datePublished":"2021-12-13T17:31:20+00:00","dateModified":"2022-01-13T18:52:58+00:00","breadcrumb":{"@id":"https:\/\/mtt-fenstertechnik.at\/?page_id=239#breadcrumb"},"inLanguage":"de","potentialAction":[{"@type":"ReadAction","target":["https:\/\/mtt-fenstertechnik.at\/?page_id=239"]}]},{"@type":"BreadcrumbList","@id":"https:\/\/mtt-fenstertechnik.at\/?page_id=239#breadcrumb","itemListElement":[{"@type":"ListItem","position":1,"name":"Home","item":"https:\/\/mtt-fenstertechnik.at\/"},{"@type":"ListItem","position":2,"name":"Insektenschutz"}]},{"@type":"WebSite","@id":"https:\/\/mtt-fenstertechnik.at\/#website","url":"https:\/\/mtt-fenstertechnik.at\/","name":"MTT Fenstertechnik","description":"Ihr Fenster-Partner","potentialAction":[{"@type":"SearchAction","target":{"@type":"EntryPoint","urlTemplate":"https:\/\/mtt-fenstertechnik.at\/?s={search_term_string}"},"query-input":{"@type":"PropertyValueSpecification","valueRequired":true,"valueName":"search_term_string"}}],"inLanguage":"de"}]}},"_links":{"self":[{"href":"https:\/\/mtt-fenstertechnik.at\/index.php?rest_route=\/wp\/v2\/pages\/239","targetHints":{"allow":["GET"]}}],"collection":[{"href":"https:\/\/mtt-fenstertechnik.at\/index.php?rest_route=\/wp\/v2\/pages"}],"about":[{"href":"https:\/\/mtt-fenstertechnik.at\/index.php?rest_route=\/wp\/v2\/types\/page"}],"author":[{"embeddable":true,"href":"https:\/\/mtt-fenstertechnik.at\/index.php?rest_route=\/wp\/v2\/users\/1"}],"replies":[{"embeddable":true,"href":"https:\/\/mtt-fenstertechnik.at\/index.php?rest_route=%2Fwp%2Fv2%2Fcomments&post=239"}],"version-history":[{"count":7,"href":"https:\/\/mtt-fenstertechnik.at\/index.php?rest_route=\/wp\/v2\/pages\/239\/revisions"}],"predecessor-version":[{"id":462,"href":"https:\/\/mtt-fenstertechnik.at\/index.php?rest_route=\/wp\/v2\/pages\/239\/revisions\/462"}],"wp:attachment":[{"href":"https:\/\/mtt-fenstertechnik.at\/index.php?rest_route=%2Fwp%2Fv2%2Fmedia&parent=239"}],"curies":[{"name":"wp","href":"https:\/\/api.w.org\/{rel}","templated":true}]}}