{"id":216,"date":"2021-12-10T15:02:38","date_gmt":"2021-12-10T15:02:38","guid":{"rendered":"http:\/\/mttfenstertechnik.kinsta.cloud\/?page_id=216"},"modified":"2022-01-12T18:17:31","modified_gmt":"2022-01-12T18:17:31","slug":"sonnen-und-insektenschutz","status":"publish","type":"page","link":"https:\/\/mtt-fenstertechnik.at\/?page_id=216","title":{"rendered":"Sonnenschutz"},"content":{"rendered":"<p>[et_pb_section fb_built=&#8220;1&#8243; _builder_version=&#8220;4.9.10&#8243; _module_preset=&#8220;default&#8220; background_image=&#8220;http:\/\/mttfenstertechnik.kinsta.cloud\/wp-content\/uploads\/2021\/08\/shutterstock_1854836866-scaled.jpg&#8220; global_colors_info=&#8220;{}&#8220;][et_pb_row _builder_version=&#8220;4.9.10&#8243; _module_preset=&#8220;default&#8220; global_colors_info=&#8220;{}&#8220;][et_pb_column type=&#8220;4_4&#8243; _builder_version=&#8220;4.9.10&#8243; _module_preset=&#8220;default&#8220; global_colors_info=&#8220;{}&#8220;][et_pb_text _builder_version=&#8220;4.14.5&#8243; _module_preset=&#8220;default&#8220; header_font_size=&#8220;59px&#8220; header_2_text_color=&#8220;#000000&#8243; header_2_font_size=&#8220;24px&#8220; background_color=&#8220;rgba(255,255,255,0.75)&#8220; hover_enabled=&#8220;0&#8243; global_colors_info=&#8220;{}&#8220; header_font_size_last_edited=&#8220;on|phone&#8220; header_font_size_phone=&#8220;41px&#8220; sticky_enabled=&#8220;0&#8243; header_font_size_tablet=&#8220;59px&#8220;]<\/p>\n<h1>Sonnenschutz<\/h1>\n<h2>Individuelle L\u00f6sungen<\/h2>\n<p>&nbsp;<\/p>\n<p>[\/et_pb_text][\/et_pb_column][\/et_pb_row][\/et_pb_section][et_pb_section fb_built=&#8220;1&#8243; _builder_version=&#8220;4.9.10&#8243; _module_preset=&#8220;default&#8220; global_colors_info=&#8220;{}&#8220;][et_pb_row _builder_version=&#8220;4.9.10&#8243; _module_preset=&#8220;default&#8220; global_colors_info=&#8220;{}&#8220;][et_pb_column type=&#8220;4_4&#8243; _builder_version=&#8220;4.9.10&#8243; _module_preset=&#8220;default&#8220; global_colors_info=&#8220;{}&#8220;][et_pb_text _builder_version=&#8220;4.14.5&#8243; _module_preset=&#8220;default&#8220; text_text_color=&#8220;#000000&#8243; header_2_text_color=&#8220;#000000&#8243; text_orientation=&#8220;center&#8220; max_width=&#8220;80%&#8220; module_alignment=&#8220;center&#8220; global_colors_info=&#8220;{}&#8220;]<\/p>\n<h2 style=\"text-align: left;\">Schutz vor Blicken und der Sonne.<\/h2>\n<p style=\"text-align: justify;\">Zu jedem modernen Haus geh\u00f6rt die passende Sonnenschutzl\u00f6sung. Sie sch\u00fctzt nicht nur vor ungewollten Blicken, sondern hat auch gro\u00dfe Vorteile, was Energieverlust im Winter und Schutz vor Hitze im Sommer betrifft. Seit Jahren kooperieren wir hier mit dem Marktf\u00fchrer von Sonnenschutzl\u00f6sungen, der Firma <strong>Schlotterer.\u00a0<\/strong><\/p>\n<p>[\/et_pb_text][\/et_pb_column][\/et_pb_row][et_pb_row column_structure=&#8220;1_2,1_2&#8243; _builder_version=&#8220;4.9.10&#8243; _module_preset=&#8220;default&#8220; global_colors_info=&#8220;{}&#8220;][et_pb_column type=&#8220;1_2&#8243; _builder_version=&#8220;4.9.10&#8243; _module_preset=&#8220;default&#8220; global_colors_info=&#8220;{}&#8220;][et_pb_image src=&#8220;http:\/\/mttfenstertechnik.kinsta.cloud\/wp-content\/uploads\/2022\/01\/Schlotterer_VORO_Vorbau_Rollladen_02-scaled.jpg&#8220; title_text=&#8220;Schlotterer_VORO_Vorbau_Rollladen_02&#8243; _builder_version=&#8220;4.14.5&#8243; _module_preset=&#8220;default&#8220; max_width=&#8220;100%&#8220; module_alignment=&#8220;center&#8220; global_colors_info=&#8220;{}&#8220;][\/et_pb_image][et_pb_text _builder_version=&#8220;4.14.5&#8243; _module_preset=&#8220;default&#8220; text_text_color=&#8220;#000000&#8243; header_3_text_color=&#8220;#000000&#8243; hover_enabled=&#8220;0&#8243; global_colors_info=&#8220;{}&#8220; sticky_enabled=&#8220;0&#8243;]<\/p>\n<h3 style=\"text-align: center;\">Rolladen<\/h3>\n<p>Der simple Klassiker. Roll\u00e4den empfehlen wir dann, wenn R\u00e4ume wirklich verdunkelt werden sollen und wenn Schall- und Einbruchsschutz im Vordergrund stehen.<\/p>\n<p><strong>Vorteile:<\/strong><\/p>\n<ul>\n<li style=\"list-style-type: none;\">\n<ul>\n<li style=\"list-style-type: none;\">\n<ul>\n<li>Schlichtes und elegantes Design<\/li>\n<li>Gro\u00dfe Farbauswahl<\/li>\n<li>Hoher EInbruchsschutz<\/li>\n<li>Gute W\u00e4rmed\u00e4mmung<\/li>\n<li>Guter Schallschutz<\/li>\n<li>Optimale Verdunkelung<\/li>\n<\/ul>\n<\/li>\n<\/ul>\n<\/li>\n<\/ul>\n<p>[\/et_pb_text][\/et_pb_column][et_pb_column type=&#8220;1_2&#8243; _builder_version=&#8220;4.9.10&#8243; _module_preset=&#8220;default&#8220; global_colors_info=&#8220;{}&#8220;][et_pb_image src=&#8220;http:\/\/mttfenstertechnik.kinsta.cloud\/wp-content\/uploads\/2022\/01\/Kundenbeispiel_14.jpg&#8220; title_text=&#8220;Kundenbeispiel_14&#8243; _builder_version=&#8220;4.14.5&#8243; _module_preset=&#8220;default&#8220; max_width=&#8220;100%&#8220; module_alignment=&#8220;center&#8220; global_colors_info=&#8220;{}&#8220;][\/et_pb_image][et_pb_text _builder_version=&#8220;4.14.5&#8243; _module_preset=&#8220;default&#8220; text_text_color=&#8220;#000000&#8243; header_3_text_color=&#8220;#000000&#8243; hover_enabled=&#8220;0&#8243; global_colors_info=&#8220;{}&#8220; sticky_enabled=&#8220;0&#8243;]<\/p>\n<h3 style=\"text-align: center;\">Raffstore<\/h3>\n<p>Das &#8222;Non-Plus-Ultra&#8220; im modernen Wohnbau. Mit Raffstores k\u00f6nnen Sie r\u00e4ume individuell leicht beschatten, komplett verdunkeln und gleichzeitig den Rausblick behalten.<\/p>\n<p><strong>Vorteile:<\/strong><\/p>\n<ul>\n<li style=\"list-style-type: none;\">\n<ul>\n<li style=\"list-style-type: none;\">\n<ul>\n<li>Verschiedene Lamellen und Eigenschaften zur Auswahl<\/li>\n<li>Sichtschutz bei gleichzeitigem Rausblick<\/li>\n<li>Guter Schutz vor W\u00e4rme und Sonneneinstrahlung<\/li>\n<li>Energiesparend und mit Smart-Home-Systemen zu koppeln.<\/li>\n<\/ul>\n<\/li>\n<\/ul>\n<\/li>\n<\/ul>\n<p>[\/et_pb_text][\/et_pb_column][\/et_pb_row][\/et_pb_section][et_pb_section fb_built=&#8220;1&#8243; _builder_version=&#8220;4.14.5&#8243; _module_preset=&#8220;default&#8220; background_image=&#8220;http:\/\/mttfenstertechnik.kinsta.cloud\/wp-content\/uploads\/2022\/01\/Kundenbeispiel_15.jpg&#8220; global_colors_info=&#8220;{}&#8220;][et_pb_row _builder_version=&#8220;4.14.5&#8243; _module_preset=&#8220;default&#8220; global_colors_info=&#8220;{}&#8220;][et_pb_column type=&#8220;4_4&#8243; _builder_version=&#8220;4.14.5&#8243; _module_preset=&#8220;default&#8220; global_colors_info=&#8220;{}&#8220;][\/et_pb_column][\/et_pb_row][\/et_pb_section][et_pb_section fb_built=&#8220;1&#8243; _builder_version=&#8220;4.14.5&#8243; _module_preset=&#8220;default&#8220; global_colors_info=&#8220;{}&#8220;][et_pb_row _builder_version=&#8220;4.14.5&#8243; _module_preset=&#8220;default&#8220; global_colors_info=&#8220;{}&#8220;][et_pb_column type=&#8220;4_4&#8243; _builder_version=&#8220;4.14.5&#8243; _module_preset=&#8220;default&#8220; global_colors_info=&#8220;{}&#8220;][et_pb_text _builder_version=&#8220;4.14.5&#8243; _module_preset=&#8220;default&#8220; text_text_color=&#8220;#000000&#8243; header_3_text_color=&#8220;#000000&#8243; header_3_font_size=&#8220;31px&#8220; max_width=&#8220;80%&#8220; module_alignment=&#8220;center&#8220; global_colors_info=&#8220;{}&#8220;]<\/p>\n<h3>Roll\u00e4den<\/h3>\n<p style=\"text-align: justify;\">Bei den Roll\u00e4den von Schlotterer haben Sie umfangreiche Auswahlm\u00f6glichkeiten was Farbe, Form und Material angeht. Gleichzeitig haben Sie die M\u00f6glichkeit zwischen diversen Antrieben und Steuerungen zu w\u00e4hlen.<\/p>\n<p>[\/et_pb_text][\/et_pb_column][\/et_pb_row][et_pb_row _builder_version=&#8220;4.14.5&#8243; _module_preset=&#8220;default&#8220; hover_enabled=&#8220;0&#8243; global_colors_info=&#8220;{}&#8220; sticky_enabled=&#8220;0&#8243;][et_pb_column type=&#8220;4_4&#8243; _builder_version=&#8220;4.14.5&#8243; _module_preset=&#8220;default&#8220; global_colors_info=&#8220;{}&#8220;][et_pb_image src=&#8220;http:\/\/mttfenstertechnik.kinsta.cloud\/wp-content\/uploads\/2022\/01\/csm_Rollladen-Lamelle-Alu_e39c0006e3.jpg&#8220; title_text=&#8220;csm_Rollladen-Lamelle-Alu_e39c0006e3&#8243; _builder_version=&#8220;4.14.5&#8243; _module_preset=&#8220;default&#8220; global_colors_info=&#8220;{}&#8220;][\/et_pb_image][et_pb_text _builder_version=&#8220;4.14.5&#8243; _module_preset=&#8220;default&#8220; text_text_color=&#8220;#000000&#8243; header_3_text_color=&#8220;#000000&#8243; header_3_font_size=&#8220;23px&#8220; locked=&#8220;off&#8220; global_colors_info=&#8220;{}&#8220;]<\/p>\n<h3>Die Alu-Lamelle<\/h3>\n<p>Die \u00fcberaus langlebige und stabilie Aluminium-Lamelle eignet sich besonders f\u00fcr gro\u00dfe Glasfl\u00e4chen. Der Hohe Einbruchsschutz und der besondere D\u00e4mmeffekt spricht f\u00fcr sich. Au\u00dferdem haben Sie sehr umfangreiche Auswahlm\u00f6glichkeiten was die Farbe angeht.<\/p>\n<p>[\/et_pb_text][et_pb_image src=&#8220;http:\/\/mttfenstertechnik.kinsta.cloud\/wp-content\/uploads\/2022\/01\/Bildschirmfoto-2022-01-12-um-08.49.10.png&#8220; title_text=&#8220;Bildschirmfoto 2022-01-12 um 08.49.10&#8243; show_in_lightbox=&#8220;on&#8220; _builder_version=&#8220;4.14.5&#8243; _module_preset=&#8220;default&#8220; hover_enabled=&#8220;0&#8243; global_colors_info=&#8220;{}&#8220; sticky_enabled=&#8220;0&#8243;][\/et_pb_image][\/et_pb_column][\/et_pb_row][\/et_pb_section][et_pb_section fb_built=&#8220;1&#8243; _builder_version=&#8220;4.14.5&#8243; _module_preset=&#8220;default&#8220; background_image=&#8220;http:\/\/mttfenstertechnik.kinsta.cloud\/wp-content\/uploads\/2022\/01\/Kundenbeispiel_14.jpg&#8220; global_colors_info=&#8220;{}&#8220;][et_pb_row _builder_version=&#8220;4.14.5&#8243; _module_preset=&#8220;default&#8220; global_colors_info=&#8220;{}&#8220;][et_pb_column type=&#8220;4_4&#8243; _builder_version=&#8220;4.14.5&#8243; _module_preset=&#8220;default&#8220; global_colors_info=&#8220;{}&#8220;][\/et_pb_column][\/et_pb_row][\/et_pb_section][et_pb_section fb_built=&#8220;1&#8243; _builder_version=&#8220;4.14.5&#8243; _module_preset=&#8220;default&#8220; global_colors_info=&#8220;{}&#8220;][et_pb_row _builder_version=&#8220;4.14.5&#8243; _module_preset=&#8220;default&#8220; global_colors_info=&#8220;{}&#8220;][et_pb_column type=&#8220;4_4&#8243; _builder_version=&#8220;4.14.5&#8243; _module_preset=&#8220;default&#8220; global_colors_info=&#8220;{}&#8220;][et_pb_text _builder_version=&#8220;4.14.5&#8243; _module_preset=&#8220;default&#8220; text_text_color=&#8220;#000000&#8243; header_3_text_color=&#8220;#000000&#8243; header_3_font_size=&#8220;31px&#8220; max_width=&#8220;80%&#8220; module_alignment=&#8220;center&#8220; locked=&#8220;off&#8220; global_colors_info=&#8220;{}&#8220;]<\/p>\n<h3>Raffstore\/Jalousie<\/h3>\n<p style=\"text-align: justify;\">Bei den Raffstore und Jalousien von Schlotterer haben Sie umfangreiche Auswahlm\u00f6glichkeiten was Farbe, Form und Material angeht. Gleichzeitig haben Sie die M\u00f6glichkeit zwischen diversen Antrieben und Steuerungen zu w\u00e4hlen.<\/p>\n<p>[\/et_pb_text][\/et_pb_column][\/et_pb_row][et_pb_row column_structure=&#8220;1_2,1_2&#8243; _builder_version=&#8220;4.14.5&#8243; _module_preset=&#8220;default&#8220; global_colors_info=&#8220;{}&#8220;][et_pb_column type=&#8220;1_2&#8243; _builder_version=&#8220;4.14.5&#8243; _module_preset=&#8220;default&#8220; global_colors_info=&#8220;{}&#8220;][et_pb_image src=&#8220;http:\/\/mttfenstertechnik.kinsta.cloud\/wp-content\/uploads\/2022\/01\/csm_Lamelle_80D_9260b2f220-e1641974579987.jpg&#8220; title_text=&#8220;csm_Lamelle_80D_9260b2f220&#8243; _builder_version=&#8220;4.14.5&#8243; _module_preset=&#8220;default&#8220; global_colors_info=&#8220;{}&#8220;][\/et_pb_image][et_pb_text _builder_version=&#8220;4.14.5&#8243; _module_preset=&#8220;default&#8220; text_text_color=&#8220;#000000&#8243; header_3_text_color=&#8220;#000000&#8243; header_3_font_size=&#8220;23px&#8220; locked=&#8220;off&#8220; global_colors_info=&#8220;{}&#8220;]<\/p>\n<h3>RETROLux 80D<\/h3>\n<p>Das Flaggschiff von Schlotterer. Die patentierte Tageslichtlenkung schafft es das nat\u00fcrliche Sonnelicht blendfrei in den Raum zu bringen und reduziert so die W\u00e4rmeentwicklung.<\/p>\n<p>[\/et_pb_text][\/et_pb_column][et_pb_column type=&#8220;1_2&#8243; _builder_version=&#8220;4.14.5&#8243; _module_preset=&#8220;default&#8220; global_colors_info=&#8220;{}&#8220;][et_pb_image src=&#8220;http:\/\/mttfenstertechnik.kinsta.cloud\/wp-content\/uploads\/2022\/01\/csm_Lamelle_92Z_36be993f65-e1641974527285.jpg&#8220; title_text=&#8220;csm_Lamelle_92Z_36be993f65&#8243; _builder_version=&#8220;4.14.5&#8243; _module_preset=&#8220;default&#8220; global_colors_info=&#8220;{}&#8220;][\/et_pb_image][et_pb_text _builder_version=&#8220;4.14.5&#8243; _module_preset=&#8220;default&#8220; text_text_color=&#8220;#000000&#8243; header_3_text_color=&#8220;#000000&#8243; header_3_font_size=&#8220;23px&#8220; locked=&#8220;off&#8220; global_colors_info=&#8220;{}&#8220;]<\/p>\n<h3>Verbund-Lamelle 92Z<\/h3>\n<p>Durch ihre besondere Form eignet sich diese Lamelle besonders zum abdunkeln von R\u00e4umen und ist au\u00dferdem sehr windstabil.<\/p>\n<p>[\/et_pb_text][\/et_pb_column][\/et_pb_row][et_pb_row column_structure=&#8220;1_2,1_2&#8243; _builder_version=&#8220;4.14.5&#8243; _module_preset=&#8220;default&#8220; global_colors_info=&#8220;{}&#8220;][et_pb_column type=&#8220;1_2&#8243; _builder_version=&#8220;4.14.5&#8243; _module_preset=&#8220;default&#8220; global_colors_info=&#8220;{}&#8220;][et_pb_image src=&#8220;http:\/\/mttfenstertechnik.kinsta.cloud\/wp-content\/uploads\/2022\/01\/csm_Lamelle_80R_facd94551b-e1641974783892.jpg&#8220; title_text=&#8220;csm_Lamelle_80R_facd94551b&#8220; _builder_version=&#8220;4.14.5&#8243; _module_preset=&#8220;default&#8220; global_colors_info=&#8220;{}&#8220;][\/et_pb_image][et_pb_text _builder_version=&#8220;4.14.5&#8243; _module_preset=&#8220;default&#8220; text_text_color=&#8220;#000000&#8243; header_3_text_color=&#8220;#000000&#8243; header_3_font_size=&#8220;23px&#8220; locked=&#8220;off&#8220; global_colors_info=&#8220;{}&#8220;]<\/p>\n<h3>Geb\u00f6rdelte Lamelle 80R<\/h3>\n<p>Der Klassiker. Gute Verdunkelungseigenschaften und gute Windstabilit\u00e4t. Gro\u00dfe Farbauswahl.<\/p>\n<p>[\/et_pb_text][\/et_pb_column][et_pb_column type=&#8220;1_2&#8243; _builder_version=&#8220;4.14.5&#8243; _module_preset=&#8220;default&#8220; global_colors_info=&#8220;{}&#8220;][et_pb_image src=&#8220;http:\/\/mttfenstertechnik.kinsta.cloud\/wp-content\/uploads\/2022\/01\/csm_Raffstore-Flachlamelle-80F_f35078829b-e1641974839814.jpg&#8220; title_text=&#8220;csm_Raffstore-Flachlamelle-80F_f35078829b&#8220; _builder_version=&#8220;4.14.5&#8243; _module_preset=&#8220;default&#8220; global_colors_info=&#8220;{}&#8220;][\/et_pb_image][et_pb_text _builder_version=&#8220;4.14.5&#8243; _module_preset=&#8220;default&#8220; text_text_color=&#8220;#000000&#8243; header_3_text_color=&#8220;#000000&#8243; header_3_font_size=&#8220;23px&#8220; locked=&#8220;off&#8220; global_colors_info=&#8220;{}&#8220;]<\/p>\n<h3>Flachlamelle 60F\/80F<\/h3>\n<p>Die besonders platzsparende Lamelle bietet besonders gute Durchsicht nach drau\u00dfen.<\/p>\n<p>[\/et_pb_text][\/et_pb_column][\/et_pb_row][et_pb_row _builder_version=&#8220;4.14.5&#8243; _module_preset=&#8220;default&#8220; global_colors_info=&#8220;{}&#8220;][et_pb_column type=&#8220;4_4&#8243; _builder_version=&#8220;4.14.5&#8243; _module_preset=&#8220;default&#8220; global_colors_info=&#8220;{}&#8220;][et_pb_text _builder_version=&#8220;4.14.5&#8243; _module_preset=&#8220;default&#8220; text_text_color=&#8220;#000000&#8243; header_3_text_color=&#8220;#000000&#8243; header_3_font_size=&#8220;31px&#8220; max_width=&#8220;80%&#8220; module_alignment=&#8220;center&#8220; locked=&#8220;off&#8220; global_colors_info=&#8220;{}&#8220;]<\/p>\n<h3>Standardfarben 80D<\/h3>\n<p>[\/et_pb_text][et_pb_image src=&#8220;http:\/\/mttfenstertechnik.kinsta.cloud\/wp-content\/uploads\/2022\/01\/Bildschirmfoto-2022-01-12-um-09.24.04.png&#8220; title_text=&#8220;Bildschirmfoto 2022-01-12 um 09.24.04&#8243; _builder_version=&#8220;4.14.5&#8243; _module_preset=&#8220;default&#8220; hover_enabled=&#8220;0&#8243; global_colors_info=&#8220;{}&#8220; show_in_lightbox=&#8220;on&#8220; sticky_enabled=&#8220;0&#8243;][\/et_pb_image][et_pb_text _builder_version=&#8220;4.14.5&#8243; _module_preset=&#8220;default&#8220; text_text_color=&#8220;#000000&#8243; header_3_text_color=&#8220;#000000&#8243; header_3_font_size=&#8220;31px&#8220; max_width=&#8220;80%&#8220; module_alignment=&#8220;center&#8220; locked=&#8220;off&#8220; global_colors_info=&#8220;{}&#8220;]<\/p>\n<h3>Standardfarben <span>80R, 92Z, 60\/80F<\/span><\/h3>\n<p>[\/et_pb_text][et_pb_image src=&#8220;http:\/\/mttfenstertechnik.kinsta.cloud\/wp-content\/uploads\/2022\/01\/Bildschirmfoto-2022-01-12-um-09.24.43.png&#8220; title_text=&#8220;Bildschirmfoto 2022-01-12 um 09.24.43&#8243; align=&#8220;center&#8220; _builder_version=&#8220;4.14.5&#8243; _module_preset=&#8220;default&#8220; max_width=&#8220;65%&#8220; hover_enabled=&#8220;0&#8243; global_colors_info=&#8220;{}&#8220; max_width_last_edited=&#8220;on|phone&#8220; sticky_enabled=&#8220;0&#8243; max_width_tablet=&#8220;65%&#8220; max_width_phone=&#8220;65%&#8220;][\/et_pb_image][et_pb_image src=&#8220;http:\/\/mttfenstertechnik.kinsta.cloud\/wp-content\/uploads\/2022\/01\/Bildschirmfoto-2022-01-12-um-09.24.37.png&#8220; title_text=&#8220;Bildschirmfoto 2022-01-12 um 09.24.37&#8243; align=&#8220;center&#8220; _builder_version=&#8220;4.14.5&#8243; _module_preset=&#8220;default&#8220; max_width=&#8220;65%&#8220; global_colors_info=&#8220;{}&#8220;][\/et_pb_image][\/et_pb_column][\/et_pb_row][\/et_pb_section]<\/p>\n","protected":false},"excerpt":{"rendered":"<p>Sonnenschutz Individuelle L\u00f6sungen &nbsp;Schutz vor Blicken und der Sonne. Zu jedem modernen Haus geh\u00f6rt die passende Sonnenschutzl\u00f6sung. Sie sch\u00fctzt nicht nur vor ungewollten Blicken, sondern hat auch gro\u00dfe Vorteile, was Energieverlust im Winter und Schutz vor Hitze im Sommer betrifft. Seit Jahren kooperieren wir hier mit dem Marktf\u00fchrer von Sonnenschutzl\u00f6sungen, der Firma Schlotterer.\u00a0Rolladen Der simple [&hellip;]<\/p>\n","protected":false},"author":1,"featured_media":0,"parent":0,"menu_order":0,"comment_status":"closed","ping_status":"closed","template":"","meta":{"_et_pb_use_builder":"on","_et_pb_old_content":"","_et_gb_content_width":"","footnotes":""},"class_list":["post-216","page","type-page","status-publish","hentry"],"yoast_head":"<!-- This site is optimized with the Yoast SEO plugin v26.5 - https:\/\/yoast.com\/wordpress\/plugins\/seo\/ -->\n<title>Sonnenschutz - MTT Fenstertechnik<\/title>\n<meta name=\"robots\" content=\"index, follow, max-snippet:-1, max-image-preview:large, max-video-preview:-1\" \/>\n<link rel=\"canonical\" href=\"https:\/\/mtt-fenstertechnik.at\/?page_id=216\" \/>\n<meta property=\"og:locale\" content=\"de_DE\" \/>\n<meta property=\"og:type\" content=\"article\" \/>\n<meta property=\"og:title\" content=\"Sonnenschutz - MTT Fenstertechnik\" \/>\n<meta property=\"og:description\" content=\"Sonnenschutz Individuelle L\u00f6sungen &nbsp;Schutz vor Blicken und der Sonne. Zu jedem modernen Haus geh\u00f6rt die passende Sonnenschutzl\u00f6sung. Sie sch\u00fctzt nicht nur vor ungewollten Blicken, sondern hat auch gro\u00dfe Vorteile, was Energieverlust im Winter und Schutz vor Hitze im Sommer betrifft. Seit Jahren kooperieren wir hier mit dem Marktf\u00fchrer von Sonnenschutzl\u00f6sungen, der Firma Schlotterer.\u00a0Rolladen Der simple [&hellip;]\" \/>\n<meta property=\"og:url\" content=\"https:\/\/mtt-fenstertechnik.at\/?page_id=216\" \/>\n<meta property=\"og:site_name\" content=\"MTT Fenstertechnik\" \/>\n<meta property=\"article:modified_time\" content=\"2022-01-12T18:17:31+00:00\" \/>\n<meta name=\"twitter:card\" content=\"summary_large_image\" \/>\n<meta name=\"twitter:label1\" content=\"Gesch\u00e4tzte Lesezeit\" \/>\n\t<meta name=\"twitter:data1\" content=\"1\u00a0Minute\" \/>\n<script type=\"application\/ld+json\" class=\"yoast-schema-graph\">{\"@context\":\"https:\/\/schema.org\",\"@graph\":[{\"@type\":\"WebPage\",\"@id\":\"https:\/\/mtt-fenstertechnik.at\/?page_id=216\",\"url\":\"https:\/\/mtt-fenstertechnik.at\/?page_id=216\",\"name\":\"Sonnenschutz - MTT Fenstertechnik\",\"isPartOf\":{\"@id\":\"https:\/\/mtt-fenstertechnik.at\/#website\"},\"datePublished\":\"2021-12-10T15:02:38+00:00\",\"dateModified\":\"2022-01-12T18:17:31+00:00\",\"breadcrumb\":{\"@id\":\"https:\/\/mtt-fenstertechnik.at\/?page_id=216#breadcrumb\"},\"inLanguage\":\"de\",\"potentialAction\":[{\"@type\":\"ReadAction\",\"target\":[\"https:\/\/mtt-fenstertechnik.at\/?page_id=216\"]}]},{\"@type\":\"BreadcrumbList\",\"@id\":\"https:\/\/mtt-fenstertechnik.at\/?page_id=216#breadcrumb\",\"itemListElement\":[{\"@type\":\"ListItem\",\"position\":1,\"name\":\"Home\",\"item\":\"https:\/\/mtt-fenstertechnik.at\/\"},{\"@type\":\"ListItem\",\"position\":2,\"name\":\"Sonnenschutz\"}]},{\"@type\":\"WebSite\",\"@id\":\"https:\/\/mtt-fenstertechnik.at\/#website\",\"url\":\"https:\/\/mtt-fenstertechnik.at\/\",\"name\":\"MTT Fenstertechnik\",\"description\":\"Ihr Fenster-Partner\",\"potentialAction\":[{\"@type\":\"SearchAction\",\"target\":{\"@type\":\"EntryPoint\",\"urlTemplate\":\"https:\/\/mtt-fenstertechnik.at\/?s={search_term_string}\"},\"query-input\":{\"@type\":\"PropertyValueSpecification\",\"valueRequired\":true,\"valueName\":\"search_term_string\"}}],\"inLanguage\":\"de\"}]}<\/script>\n<!-- \/ Yoast SEO plugin. -->","yoast_head_json":{"title":"Sonnenschutz - MTT Fenstertechnik","robots":{"index":"index","follow":"follow","max-snippet":"max-snippet:-1","max-image-preview":"max-image-preview:large","max-video-preview":"max-video-preview:-1"},"canonical":"https:\/\/mtt-fenstertechnik.at\/?page_id=216","og_locale":"de_DE","og_type":"article","og_title":"Sonnenschutz - MTT Fenstertechnik","og_description":"Sonnenschutz Individuelle L\u00f6sungen &nbsp;Schutz vor Blicken und der Sonne. Zu jedem modernen Haus geh\u00f6rt die passende Sonnenschutzl\u00f6sung. Sie sch\u00fctzt nicht nur vor ungewollten Blicken, sondern hat auch gro\u00dfe Vorteile, was Energieverlust im Winter und Schutz vor Hitze im Sommer betrifft. Seit Jahren kooperieren wir hier mit dem Marktf\u00fchrer von Sonnenschutzl\u00f6sungen, der Firma Schlotterer.\u00a0Rolladen Der simple [&hellip;]","og_url":"https:\/\/mtt-fenstertechnik.at\/?page_id=216","og_site_name":"MTT Fenstertechnik","article_modified_time":"2022-01-12T18:17:31+00:00","twitter_card":"summary_large_image","twitter_misc":{"Gesch\u00e4tzte Lesezeit":"1\u00a0Minute"},"schema":{"@context":"https:\/\/schema.org","@graph":[{"@type":"WebPage","@id":"https:\/\/mtt-fenstertechnik.at\/?page_id=216","url":"https:\/\/mtt-fenstertechnik.at\/?page_id=216","name":"Sonnenschutz - MTT Fenstertechnik","isPartOf":{"@id":"https:\/\/mtt-fenstertechnik.at\/#website"},"datePublished":"2021-12-10T15:02:38+00:00","dateModified":"2022-01-12T18:17:31+00:00","breadcrumb":{"@id":"https:\/\/mtt-fenstertechnik.at\/?page_id=216#breadcrumb"},"inLanguage":"de","potentialAction":[{"@type":"ReadAction","target":["https:\/\/mtt-fenstertechnik.at\/?page_id=216"]}]},{"@type":"BreadcrumbList","@id":"https:\/\/mtt-fenstertechnik.at\/?page_id=216#breadcrumb","itemListElement":[{"@type":"ListItem","position":1,"name":"Home","item":"https:\/\/mtt-fenstertechnik.at\/"},{"@type":"ListItem","position":2,"name":"Sonnenschutz"}]},{"@type":"WebSite","@id":"https:\/\/mtt-fenstertechnik.at\/#website","url":"https:\/\/mtt-fenstertechnik.at\/","name":"MTT Fenstertechnik","description":"Ihr Fenster-Partner","potentialAction":[{"@type":"SearchAction","target":{"@type":"EntryPoint","urlTemplate":"https:\/\/mtt-fenstertechnik.at\/?s={search_term_string}"},"query-input":{"@type":"PropertyValueSpecification","valueRequired":true,"valueName":"search_term_string"}}],"inLanguage":"de"}]}},"_links":{"self":[{"href":"https:\/\/mtt-fenstertechnik.at\/index.php?rest_route=\/wp\/v2\/pages\/216","targetHints":{"allow":["GET"]}}],"collection":[{"href":"https:\/\/mtt-fenstertechnik.at\/index.php?rest_route=\/wp\/v2\/pages"}],"about":[{"href":"https:\/\/mtt-fenstertechnik.at\/index.php?rest_route=\/wp\/v2\/types\/page"}],"author":[{"embeddable":true,"href":"https:\/\/mtt-fenstertechnik.at\/index.php?rest_route=\/wp\/v2\/users\/1"}],"replies":[{"embeddable":true,"href":"https:\/\/mtt-fenstertechnik.at\/index.php?rest_route=%2Fwp%2Fv2%2Fcomments&post=216"}],"version-history":[{"count":14,"href":"https:\/\/mtt-fenstertechnik.at\/index.php?rest_route=\/wp\/v2\/pages\/216\/revisions"}],"predecessor-version":[{"id":417,"href":"https:\/\/mtt-fenstertechnik.at\/index.php?rest_route=\/wp\/v2\/pages\/216\/revisions\/417"}],"wp:attachment":[{"href":"https:\/\/mtt-fenstertechnik.at\/index.php?rest_route=%2Fwp%2Fv2%2Fmedia&parent=216"}],"curies":[{"name":"wp","href":"https:\/\/api.w.org\/{rel}","templated":true}]}}